{"id":4514,"date":"2025-11-18T12:21:55","date_gmt":"2025-11-18T15:21:55","guid":{"rendered":"https:\/\/www.editaonline.com.uy\/libros\/?post_type=product&#038;p=4514"},"modified":"2025-11-18T12:26:32","modified_gmt":"2025-11-18T15:26:32","slug":"breves_relatos_del_mas_aca","status":"publish","type":"product","link":"https:\/\/www.editaonline.com.uy\/libros\/producto\/breves_relatos_del_mas_aca\/","title":{"rendered":"Breves relatos del m\u00e1s ac\u00e1"},"content":{"rendered":"","protected":false},"excerpt":{"rendered":"<p>Los diecinueve Breves relatos del m\u00e1s ac\u00e1 transitan por senderos sensibles y originales,<br \/>\npropios de la escritura profundamente humana de Graciela.<\/p>\n<p>Con el humor, el amor, la pasi\u00f3n, el dolor y la amistad, entre otros t\u00f3picos de nuestro diario vivir,<br \/>\ntodos esenciales, nos reencontramos guiados por la mano experta y l\u00fadica de una autora que<br \/>\ntiene mucho para contar.<\/p>\n<p>Algunos relatos son breves, y otros son m\u00e1s breves a\u00fan, apenas meras pinceladas.<br \/>\nLas voces de sus personajes nos sorprenden al pulsar en nosotros una cuerda de un tono inolvidable.<\/p>\n<p>Pilar Chargo\u00f1ia<\/p>\n","protected":false},"featured_media":4515,"comment_status":"closed","ping_status":"closed","template":"","meta":{"_coblocks_attr":"","_coblocks_dimensions":"","_coblocks_responsive_height":"","_coblocks_accordion_ie_support":"","_uag_custom_page_level_css":"","_monsterinsights_skip_tracking":false,"_monsterinsights_sitenote_active":false,"_monsterinsights_sitenote_note":"","_monsterinsights_sitenote_category":0},"product_brand":[],"product_cat":[31],"product_tag":[],"class_list":{"0":"post-4514","1":"product","2":"type-product","3":"status-publish","4":"has-post-thumbnail","6":"product_cat-libros","7":"resize-featured-image","8":"sales-flash-overlay","9":"woocommerce-text-align-center","10":"woocommerce-image-align-center","11":"do-quantity-buttons","13":"first","14":"instock","15":"taxable","16":"shipping-taxable","17":"purchasable","18":"product-type-simple"},"uagb_featured_image_src":{"full":["https:\/\/www.editaonline.com.uy\/libros\/wp-content\/uploads\/2025\/11\/Tapa-Breves-relatos-del-mas-aca.jpg",1767,2482,false],"thumbnail":["https:\/\/www.editaonline.com.uy\/libros\/wp-content\/uploads\/2025\/11\/Tapa-Breves-relatos-del-mas-aca-150x150.jpg",150,150,true],"medium":["https:\/\/www.editaonline.com.uy\/libros\/wp-content\/uploads\/2025\/11\/Tapa-Breves-relatos-del-mas-aca-214x300.jpg",214,300,true],"medium_large":["https:\/\/www.editaonline.com.uy\/libros\/wp-content\/uploads\/2025\/11\/Tapa-Breves-relatos-del-mas-aca-768x1079.jpg",768,1079,true],"large":["https:\/\/www.editaonline.com.uy\/libros\/wp-content\/uploads\/2025\/11\/Tapa-Breves-relatos-del-mas-aca-729x1024.jpg",729,1024,true],"1536x1536":["https:\/\/www.editaonline.com.uy\/libros\/wp-content\/uploads\/2025\/11\/Tapa-Breves-relatos-del-mas-aca-1094x1536.jpg",1094,1536,true],"2048x2048":["https:\/\/www.editaonline.com.uy\/libros\/wp-content\/uploads\/2025\/11\/Tapa-Breves-relatos-del-mas-aca-1458x2048.jpg",1458,2048,true],"woocommerce_thumbnail":["https:\/\/www.editaonline.com.uy\/libros\/wp-content\/uploads\/2025\/11\/Tapa-Breves-relatos-del-mas-aca-180x240.jpg",180,240,true],"woocommerce_single":["https:\/\/www.editaonline.com.uy\/libros\/wp-content\/uploads\/2025\/11\/Tapa-Breves-relatos-del-mas-aca-350x492.jpg",350,492,true],"woocommerce_gallery_thumbnail":["https:\/\/www.editaonline.com.uy\/libros\/wp-content\/uploads\/2025\/11\/Tapa-Breves-relatos-del-mas-aca-100x100.jpg",100,100,true]},"uagb_author_info":{"display_name":"Alejandro Pena","author_link":"https:\/\/www.editaonline.com.uy\/libros\/author\/"},"uagb_comment_info":0,"uagb_excerpt":"Los diecinueve Breves relatos del m\u00e1s ac\u00e1 transitan por senderos sensibles y originales, propios de la escritura profundamente humana de Graciela. Con el humor, el amor, la pasi\u00f3n, el dolor y la amistad, entre otros t\u00f3picos de nuestro diario vivir, todos esenciales, nos reencontramos guiados por la mano experta y l\u00fadica de una autora que&hellip;","_links":{"self":[{"href":"https:\/\/www.editaonline.com.uy\/libros\/wp-json\/wp\/v2\/product\/4514","targetHints":{"allow":["GET"]}}],"collection":[{"href":"https:\/\/www.editaonline.com.uy\/libros\/wp-json\/wp\/v2\/product"}],"about":[{"href":"https:\/\/www.editaonline.com.uy\/libros\/wp-json\/wp\/v2\/types\/product"}],"replies":[{"embeddable":true,"href":"https:\/\/www.editaonline.com.uy\/libros\/wp-json\/wp\/v2\/comments?post=4514"}],"wp:featuredmedia":[{"embeddable":true,"href":"https:\/\/www.editaonline.com.uy\/libros\/wp-json\/wp\/v2\/media\/4515"}],"wp:attachment":[{"href":"https:\/\/www.editaonline.com.uy\/libros\/wp-json\/wp\/v2\/media?parent=4514"}],"wp:term":[{"taxonomy":"product_brand","embeddable":true,"href":"https:\/\/www.editaonline.com.uy\/libros\/wp-json\/wp\/v2\/product_brand?post=4514"},{"taxonomy":"product_cat","embeddable":true,"href":"https:\/\/www.editaonline.com.uy\/libros\/wp-json\/wp\/v2\/product_cat?post=4514"},{"taxonomy":"product_tag","embeddable":true,"href":"https:\/\/www.editaonline.com.uy\/libros\/wp-json\/wp\/v2\/product_tag?post=4514"}],"curies":[{"name":"wp","href":"https:\/\/api.w.org\/{rel}","templated":true}]}}