{"id":3416,"date":"2025-06-20T11:41:10","date_gmt":"2025-06-20T14:41:10","guid":{"rendered":"https:\/\/www.editaonline.com.uy\/libros\/?post_type=product&#038;p=3416"},"modified":"2025-06-20T11:45:33","modified_gmt":"2025-06-20T14:45:33","slug":"cuentos-de-medianoche","status":"publish","type":"product","link":"https:\/\/www.editaonline.com.uy\/libros\/producto\/cuentos-de-medianoche\/","title":{"rendered":"Cuentos de medianoche"},"content":{"rendered":"","protected":false},"excerpt":{"rendered":"<p>En esta, su \u00f3pera prima, Mat\u00edas Reyes incursiona en un g\u00e9nero con gran cantidad de adeptos, y lo hace con una<br \/>\nnueva voz que emerge desde las sombras para explorar los temores m\u00e1s oscuros del ser humano.<br \/>\nEn estos diecinueve relatos, breves y escalofriantes, logra sumergir al lector en atm\u00f3sferas macabras en las<br \/>\nque los personajes enfrentan situaciones l\u00edmite.<\/p>\n<p>El estilo crudo y realista del autor deja marcas que permanecen aun despu\u00e9s de cerrar el libro. Reyes juega<br \/>\ncon la naturaleza del mal, la fragilidad de la mente y los difusos l\u00edmites de la realidad. Cada relato est\u00e1 envuelto<br \/>\nen un manto de suspenso e intriga; a medida que se suceden, los hechos extra\u00f1os van dejando pistas<br \/>\ninquietantes que conducen a finales tan macabros como grotescos.<\/p>\n<p>En sus p\u00e1ginas resuenan los ecos de grandes maestros. Se perciben las reminiscencias de la narrativa magistral<br \/>\nde Horacio Quiroga y la pasi\u00f3n por la difusi\u00f3n del g\u00e9nero que caracteriz\u00f3 al inolvidable Alberto Laiseca.<\/p>\n<p>Cuentos de medianoche es un libro recomendado para los amantes del terror y para quienes, t\u00edmidamente<br \/>\ny sin quererlo, est\u00e1n ah\u00ed, al umbral de su lectura.<\/p>\n","protected":false},"featured_media":3417,"comment_status":"closed","ping_status":"closed","template":"","meta":{"_coblocks_attr":"","_coblocks_dimensions":"","_coblocks_responsive_height":"","_coblocks_accordion_ie_support":"","_uag_custom_page_level_css":"","_monsterinsights_skip_tracking":false,"_monsterinsights_sitenote_active":false,"_monsterinsights_sitenote_note":"","_monsterinsights_sitenote_category":0},"product_brand":[],"product_cat":[31],"product_tag":[],"class_list":{"0":"post-3416","1":"product","2":"type-product","3":"status-publish","4":"has-post-thumbnail","6":"product_cat-libros","7":"resize-featured-image","8":"sales-flash-overlay","9":"woocommerce-text-align-center","10":"woocommerce-image-align-center","11":"do-quantity-buttons","13":"first","14":"instock","15":"sale","16":"taxable","17":"shipping-taxable","18":"purchasable","19":"product-type-simple"},"uagb_featured_image_src":{"full":["https:\/\/www.editaonline.com.uy\/libros\/wp-content\/uploads\/2025\/06\/Tapa-Cuentos-de-Medianoche-1.jpg",1780,2471,false],"thumbnail":["https:\/\/www.editaonline.com.uy\/libros\/wp-content\/uploads\/2025\/06\/Tapa-Cuentos-de-Medianoche-1-150x150.jpg",150,150,true],"medium":["https:\/\/www.editaonline.com.uy\/libros\/wp-content\/uploads\/2025\/06\/Tapa-Cuentos-de-Medianoche-1-216x300.jpg",216,300,true],"medium_large":["https:\/\/www.editaonline.com.uy\/libros\/wp-content\/uploads\/2025\/06\/Tapa-Cuentos-de-Medianoche-1-768x1066.jpg",768,1066,true],"large":["https:\/\/www.editaonline.com.uy\/libros\/wp-content\/uploads\/2025\/06\/Tapa-Cuentos-de-Medianoche-1-738x1024.jpg",738,1024,true],"1536x1536":["https:\/\/www.editaonline.com.uy\/libros\/wp-content\/uploads\/2025\/06\/Tapa-Cuentos-de-Medianoche-1-1106x1536.jpg",1106,1536,true],"2048x2048":["https:\/\/www.editaonline.com.uy\/libros\/wp-content\/uploads\/2025\/06\/Tapa-Cuentos-de-Medianoche-1-1475x2048.jpg",1475,2048,true],"woocommerce_thumbnail":["https:\/\/www.editaonline.com.uy\/libros\/wp-content\/uploads\/2025\/06\/Tapa-Cuentos-de-Medianoche-1-180x240.jpg",180,240,true],"woocommerce_single":["https:\/\/www.editaonline.com.uy\/libros\/wp-content\/uploads\/2025\/06\/Tapa-Cuentos-de-Medianoche-1-350x486.jpg",350,486,true],"woocommerce_gallery_thumbnail":["https:\/\/www.editaonline.com.uy\/libros\/wp-content\/uploads\/2025\/06\/Tapa-Cuentos-de-Medianoche-1-100x100.jpg",100,100,true]},"uagb_author_info":{"display_name":"Alejandro Pena","author_link":"https:\/\/www.editaonline.com.uy\/libros\/author\/"},"uagb_comment_info":0,"uagb_excerpt":"En esta, su \u00f3pera prima, Mat\u00edas Reyes incursiona en un g\u00e9nero con gran cantidad de adeptos, y lo hace con una nueva voz que emerge desde las sombras para explorar los temores m\u00e1s oscuros del ser humano. En estos diecinueve relatos, breves y escalofriantes, logra sumergir al lector en atm\u00f3sferas macabras en las que los&hellip;","_links":{"self":[{"href":"https:\/\/www.editaonline.com.uy\/libros\/wp-json\/wp\/v2\/product\/3416","targetHints":{"allow":["GET"]}}],"collection":[{"href":"https:\/\/www.editaonline.com.uy\/libros\/wp-json\/wp\/v2\/product"}],"about":[{"href":"https:\/\/www.editaonline.com.uy\/libros\/wp-json\/wp\/v2\/types\/product"}],"replies":[{"embeddable":true,"href":"https:\/\/www.editaonline.com.uy\/libros\/wp-json\/wp\/v2\/comments?post=3416"}],"wp:featuredmedia":[{"embeddable":true,"href":"https:\/\/www.editaonline.com.uy\/libros\/wp-json\/wp\/v2\/media\/3417"}],"wp:attachment":[{"href":"https:\/\/www.editaonline.com.uy\/libros\/wp-json\/wp\/v2\/media?parent=3416"}],"wp:term":[{"taxonomy":"product_brand","embeddable":true,"href":"https:\/\/www.editaonline.com.uy\/libros\/wp-json\/wp\/v2\/product_brand?post=3416"},{"taxonomy":"product_cat","embeddable":true,"href":"https:\/\/www.editaonline.com.uy\/libros\/wp-json\/wp\/v2\/product_cat?post=3416"},{"taxonomy":"product_tag","embeddable":true,"href":"https:\/\/www.editaonline.com.uy\/libros\/wp-json\/wp\/v2\/product_tag?post=3416"}],"curies":[{"name":"wp","href":"https:\/\/api.w.org\/{rel}","templated":true}]}}