{"id":2631,"date":"2022-10-06T11:50:52","date_gmt":"2022-10-06T14:50:52","guid":{"rendered":"https:\/\/www.editaonline.com.uy\/libros\/?post_type=product&#038;p=2631"},"modified":"2024-07-04T12:04:09","modified_gmt":"2024-07-04T15:04:09","slug":"el-lado-a-de-daniela","status":"publish","type":"product","link":"https:\/\/www.editaonline.com.uy\/libros\/producto\/el-lado-a-de-daniela\/","title":{"rendered":"El lado A de Daniela"},"content":{"rendered":"","protected":false},"excerpt":{"rendered":"<p><em>El lado A de Daniela<\/em> es una historia que busca ahondar en las relaciones socioafectivas de las personas. Propone como escenario la Torre Ejecutiva, en Montevideo, y como historia medular la atenci\u00f3n de una emergencia nacional desde los organismos gubernamentales para asistir a un pueblo inundado del interior del pa\u00eds.<br \/>\nDesde all\u00ed, se entreteje la trama en la que Daniela explora nuevos espacios, donde convergen emociones, v\u00ednculos afectivos, relaciones laborales, encuentros y desencuentros.<\/p>\n<p>Esta obra busca acercar al lector a la reflexi\u00f3n acerca de los v\u00ednculos interpersonales desde la mirada de Daniela,<br \/>\nla protagonista, para indagar en nuevos \u00e1mbitos, en los cuales reconocer y cuestionar acuerdos,<br \/>\nalgunos t\u00e1citos y otros expl\u00edcitos, de lo que se espera de las mujeres hoy.<\/p>\n<p>&nbsp;<\/p>\n","protected":false},"featured_media":2789,"comment_status":"closed","ping_status":"closed","template":"","meta":{"_coblocks_attr":"","_coblocks_dimensions":"","_coblocks_responsive_height":"","_coblocks_accordion_ie_support":"","_uag_custom_page_level_css":"","_monsterinsights_skip_tracking":false,"_monsterinsights_sitenote_active":false,"_monsterinsights_sitenote_note":"","_monsterinsights_sitenote_category":0},"product_brand":[],"product_cat":[31],"product_tag":[],"class_list":{"0":"post-2631","1":"product","2":"type-product","3":"status-publish","4":"has-post-thumbnail","6":"product_cat-libros","7":"resize-featured-image","8":"sales-flash-overlay","9":"woocommerce-text-align-center","10":"woocommerce-image-align-center","11":"do-quantity-buttons","13":"first","14":"instock","15":"taxable","16":"shipping-taxable","17":"purchasable","18":"product-type-simple"},"uagb_featured_image_src":{"full":["https:\/\/www.editaonline.com.uy\/libros\/wp-content\/uploads\/2022\/10\/TapaelladoAdeDanielaTienda.jpg",1476,2068,false],"thumbnail":["https:\/\/www.editaonline.com.uy\/libros\/wp-content\/uploads\/2022\/10\/TapaelladoAdeDanielaTienda-150x150.jpg",150,150,true],"medium":["https:\/\/www.editaonline.com.uy\/libros\/wp-content\/uploads\/2022\/10\/TapaelladoAdeDanielaTienda-214x300.jpg",214,300,true],"medium_large":["https:\/\/www.editaonline.com.uy\/libros\/wp-content\/uploads\/2022\/10\/TapaelladoAdeDanielaTienda-768x1076.jpg",768,1076,true],"large":["https:\/\/www.editaonline.com.uy\/libros\/wp-content\/uploads\/2022\/10\/TapaelladoAdeDanielaTienda-731x1024.jpg",731,1024,true],"1536x1536":["https:\/\/www.editaonline.com.uy\/libros\/wp-content\/uploads\/2022\/10\/TapaelladoAdeDanielaTienda-1096x1536.jpg",1096,1536,true],"2048x2048":["https:\/\/www.editaonline.com.uy\/libros\/wp-content\/uploads\/2022\/10\/TapaelladoAdeDanielaTienda-1462x2048.jpg",1462,2048,true],"woocommerce_thumbnail":["https:\/\/www.editaonline.com.uy\/libros\/wp-content\/uploads\/2022\/10\/TapaelladoAdeDanielaTienda-180x240.jpg",180,240,true],"woocommerce_single":["https:\/\/www.editaonline.com.uy\/libros\/wp-content\/uploads\/2022\/10\/TapaelladoAdeDanielaTienda-350x490.jpg",350,490,true],"woocommerce_gallery_thumbnail":["https:\/\/www.editaonline.com.uy\/libros\/wp-content\/uploads\/2022\/10\/TapaelladoAdeDanielaTienda-100x100.jpg",100,100,true]},"uagb_author_info":{"display_name":"Fabian Xavier","author_link":"https:\/\/www.editaonline.com.uy\/libros\/author\/"},"uagb_comment_info":0,"uagb_excerpt":"El lado A de Daniela es una historia que busca ahondar en las relaciones socioafectivas de las personas. Propone como escenario la Torre Ejecutiva, en Montevideo, y como historia medular la atenci\u00f3n de una emergencia nacional desde los organismos gubernamentales para asistir a un pueblo inundado del interior del pa\u00eds. Desde all\u00ed, se entreteje la&hellip;","_links":{"self":[{"href":"https:\/\/www.editaonline.com.uy\/libros\/wp-json\/wp\/v2\/product\/2631","targetHints":{"allow":["GET"]}}],"collection":[{"href":"https:\/\/www.editaonline.com.uy\/libros\/wp-json\/wp\/v2\/product"}],"about":[{"href":"https:\/\/www.editaonline.com.uy\/libros\/wp-json\/wp\/v2\/types\/product"}],"replies":[{"embeddable":true,"href":"https:\/\/www.editaonline.com.uy\/libros\/wp-json\/wp\/v2\/comments?post=2631"}],"wp:featuredmedia":[{"embeddable":true,"href":"https:\/\/www.editaonline.com.uy\/libros\/wp-json\/wp\/v2\/media\/2789"}],"wp:attachment":[{"href":"https:\/\/www.editaonline.com.uy\/libros\/wp-json\/wp\/v2\/media?parent=2631"}],"wp:term":[{"taxonomy":"product_brand","embeddable":true,"href":"https:\/\/www.editaonline.com.uy\/libros\/wp-json\/wp\/v2\/product_brand?post=2631"},{"taxonomy":"product_cat","embeddable":true,"href":"https:\/\/www.editaonline.com.uy\/libros\/wp-json\/wp\/v2\/product_cat?post=2631"},{"taxonomy":"product_tag","embeddable":true,"href":"https:\/\/www.editaonline.com.uy\/libros\/wp-json\/wp\/v2\/product_tag?post=2631"}],"curies":[{"name":"wp","href":"https:\/\/api.w.org\/{rel}","templated":true}]}}