{"id":2183,"date":"2021-10-22T11:13:02","date_gmt":"2021-10-22T14:13:02","guid":{"rendered":"https:\/\/www.editaonline.com.uy\/libros\/?post_type=product&#038;p=2183"},"modified":"2024-07-04T12:04:11","modified_gmt":"2024-07-04T15:04:11","slug":"otredad-y-locura-reflexiones-de-un-psiquiatra","status":"publish","type":"product","link":"https:\/\/www.editaonline.com.uy\/libros\/producto\/otredad-y-locura-reflexiones-de-un-psiquiatra\/","title":{"rendered":"Otredad y locura: reflexiones de un psiquiatra"},"content":{"rendered":"","protected":false},"excerpt":{"rendered":"<p>En tono \u00edntimo y coloquial, el m\u00e9dico psiquiatra Gustavo Mora narra sus a\u00f1os como profesional en un hospital del interior del pa\u00eds, la ciudad de Mercedes, y su formaci\u00f3n montevideana, incluido su encarcelamiento durante la dictadura, entre varios temas m\u00e1s.<br \/>\nEste libro conforma un relato en el que sus peripecias personales, expresadas con absoluta honestidad, est\u00e1n entremezcladas con las an\u00e9cdotas profesionales. Aporta una importante cr\u00edtica, fundada, v\u00e1lida, desde su experticia, sobre el estado actual de la salud mental en Uruguay y en el mundo, y sobre los inalienables derechos humanos que deberemos construir como sociedad y que tanta falta nos est\u00e1n haciendo en este siglo xxi, especialmente en el \u00e1rea de la salud mental.<\/p>\n<p>Pilar Chargo\u00f1ia.<\/p>\n","protected":false},"featured_media":2790,"comment_status":"closed","ping_status":"closed","template":"","meta":{"_coblocks_attr":"","_coblocks_dimensions":"","_coblocks_responsive_height":"","_coblocks_accordion_ie_support":"","_uag_custom_page_level_css":"","_monsterinsights_skip_tracking":false,"_monsterinsights_sitenote_active":false,"_monsterinsights_sitenote_note":"","_monsterinsights_sitenote_category":0},"product_brand":[],"product_cat":[31],"product_tag":[],"class_list":{"0":"post-2183","1":"product","2":"type-product","3":"status-publish","4":"has-post-thumbnail","6":"product_cat-libros","7":"resize-featured-image","8":"sales-flash-overlay","9":"woocommerce-text-align-center","10":"woocommerce-image-align-center","11":"do-quantity-buttons","13":"first","14":"instock","15":"taxable","16":"shipping-taxable","17":"purchasable","18":"product-type-simple"},"uagb_featured_image_src":{"full":["https:\/\/www.editaonline.com.uy\/libros\/wp-content\/uploads\/2021\/10\/TapaOtredadylocuraTienda.jpg",1464,2072,false],"thumbnail":["https:\/\/www.editaonline.com.uy\/libros\/wp-content\/uploads\/2021\/10\/TapaOtredadylocuraTienda-150x150.jpg",150,150,true],"medium":["https:\/\/www.editaonline.com.uy\/libros\/wp-content\/uploads\/2021\/10\/TapaOtredadylocuraTienda-212x300.jpg",212,300,true],"medium_large":["https:\/\/www.editaonline.com.uy\/libros\/wp-content\/uploads\/2021\/10\/TapaOtredadylocuraTienda-768x1087.jpg",768,1087,true],"large":["https:\/\/www.editaonline.com.uy\/libros\/wp-content\/uploads\/2021\/10\/TapaOtredadylocuraTienda-724x1024.jpg",724,1024,true],"1536x1536":["https:\/\/www.editaonline.com.uy\/libros\/wp-content\/uploads\/2021\/10\/TapaOtredadylocuraTienda-1085x1536.jpg",1085,1536,true],"2048x2048":["https:\/\/www.editaonline.com.uy\/libros\/wp-content\/uploads\/2021\/10\/TapaOtredadylocuraTienda-1447x2048.jpg",1447,2048,true],"woocommerce_thumbnail":["https:\/\/www.editaonline.com.uy\/libros\/wp-content\/uploads\/2021\/10\/TapaOtredadylocuraTienda-180x240.jpg",180,240,true],"woocommerce_single":["https:\/\/www.editaonline.com.uy\/libros\/wp-content\/uploads\/2021\/10\/TapaOtredadylocuraTienda-350x495.jpg",350,495,true],"woocommerce_gallery_thumbnail":["https:\/\/www.editaonline.com.uy\/libros\/wp-content\/uploads\/2021\/10\/TapaOtredadylocuraTienda-100x100.jpg",100,100,true]},"uagb_author_info":{"display_name":"Alejandro Pena","author_link":"https:\/\/www.editaonline.com.uy\/libros\/author\/"},"uagb_comment_info":0,"uagb_excerpt":"En tono \u00edntimo y coloquial, el m\u00e9dico psiquiatra Gustavo Mora narra sus a\u00f1os como profesional en un hospital del interior del pa\u00eds, la ciudad de Mercedes, y su formaci\u00f3n montevideana, incluido su encarcelamiento durante la dictadura, entre varios temas m\u00e1s. Este libro conforma un relato en el que sus peripecias personales, expresadas con absoluta honestidad,&hellip;","_links":{"self":[{"href":"https:\/\/www.editaonline.com.uy\/libros\/wp-json\/wp\/v2\/product\/2183","targetHints":{"allow":["GET"]}}],"collection":[{"href":"https:\/\/www.editaonline.com.uy\/libros\/wp-json\/wp\/v2\/product"}],"about":[{"href":"https:\/\/www.editaonline.com.uy\/libros\/wp-json\/wp\/v2\/types\/product"}],"replies":[{"embeddable":true,"href":"https:\/\/www.editaonline.com.uy\/libros\/wp-json\/wp\/v2\/comments?post=2183"}],"wp:featuredmedia":[{"embeddable":true,"href":"https:\/\/www.editaonline.com.uy\/libros\/wp-json\/wp\/v2\/media\/2790"}],"wp:attachment":[{"href":"https:\/\/www.editaonline.com.uy\/libros\/wp-json\/wp\/v2\/media?parent=2183"}],"wp:term":[{"taxonomy":"product_brand","embeddable":true,"href":"https:\/\/www.editaonline.com.uy\/libros\/wp-json\/wp\/v2\/product_brand?post=2183"},{"taxonomy":"product_cat","embeddable":true,"href":"https:\/\/www.editaonline.com.uy\/libros\/wp-json\/wp\/v2\/product_cat?post=2183"},{"taxonomy":"product_tag","embeddable":true,"href":"https:\/\/www.editaonline.com.uy\/libros\/wp-json\/wp\/v2\/product_tag?post=2183"}],"curies":[{"name":"wp","href":"https:\/\/api.w.org\/{rel}","templated":true}]}}