{"id":1842,"date":"2020-12-31T01:31:02","date_gmt":"2020-12-31T04:31:02","guid":{"rendered":"https:\/\/www.editaonline.com.uy\/libros\/?post_type=product&#038;p=1842"},"modified":"2024-07-04T12:04:13","modified_gmt":"2024-07-04T15:04:13","slug":"kaika-de-robles-y-la-tierra-de-la-memoria","status":"publish","type":"product","link":"https:\/\/www.editaonline.com.uy\/libros\/producto\/kaika-de-robles-y-la-tierra-de-la-memoria\/","title":{"rendered":"Kaika de Robles y la Tierra de la Memoria"},"content":{"rendered":"","protected":false},"excerpt":{"rendered":"<p>\u00ab\u00a1Hola! Mi nombre es Martina y quiero contarte sobre mi experiencia al comenzar a leer esta novela.<\/p>\n<p>Lo primero que me pregunt\u00e9 fue: \u00bfqu\u00e9 me ofrece este libro?, \u00bfpor qu\u00e9 habr\u00eda de leerlo? Con las preguntas a\u00fan sin responder, decid\u00ed comenzar su lectura. Recuerdo una tarde, tras haber terminado las primeras p\u00e1ginas, en la que escuch\u00e9 a mis amigos, que ven\u00edan a buscarme para ir a jugar. Dud\u00e9. Juegos y amigos es lo mejor que hay, pero por alg\u00fan motivo que no llegu\u00e9 a comprender, no pude despegar mis ojos de las peque\u00f1as letras del texto. \u00ab\u00bfQu\u00e9 tiene este libro, que me tiene paralizada?\u00bb, me pregunt\u00e9. \u00abAventura, magia, emoci\u00f3n\u00bb, respondi\u00f3 una voz que desconoc\u00eda.<\/p>\n<p>Segu\u00ed leyendo y, de pronto, estaba all\u00ed, en un sitio alucinante: \u00a1los sue\u00f1os de Kaika! Despert\u00e9 con ella, con la certeza de que su amiga Nen\u00fafar necesitaba ayuda. Hab\u00eda que viajar. \u00bfHacia d\u00f3nde? A Mnemolandia.<\/p>\n<p>Pero \u00bfpara qu\u00e9? Algo importante estaba sucediendo y no parec\u00eda nada bueno. \u00ab\u00bfSe desatar\u00e1 la guerra? \u00bfSe har\u00e1n realidad las pesadillas de Kaika?\u00bb, me pregunt\u00e9 mientras le\u00eda. Deseo llegar al final de la historia, pero\u2026 \u00bfy qu\u00e9 voy a hacer cuando el libro se termine? Recuerdo lo que el abuelo me dec\u00eda: si algo importante va a suceder, ser\u00e1 mejor que no est\u00e9s sola. \u00bfQuer\u00e9s leer conmigo el final de esta historia?\u00bb<\/p>\n<p>Kaika de Robles y la Tierra de la Memoria es una atrapante historia escrita por la in\u00e9dita escritora uruguaya Virginia Guti\u00e9rrez. Esta, su primera obra juvenil, te llevar\u00e1 a descubrir los rincones de un submundo maravilloso. Te adentrar\u00e1s en distintas atm\u00f3sferas, conc\u00e9ntricas y entrelazadas, en las que la historia ofrece complejos cruces; descubrir\u00e1s cada uno de sus cuatro mundos \u2014Robles, Claramel, Sinopor y Mnemolandia\u2014 y participar\u00e1s de las aventuras de sus fabulosos personajes, junto a los que sortear\u00e1s dificultades y resolver\u00e1s acertijos\u2026 \u00a1Buen viaje!<\/p>\n","protected":false},"featured_media":3257,"comment_status":"closed","ping_status":"closed","template":"","meta":{"_coblocks_attr":"","_coblocks_dimensions":"","_coblocks_responsive_height":"","_coblocks_accordion_ie_support":"","_uag_custom_page_level_css":"","_monsterinsights_skip_tracking":false,"_monsterinsights_sitenote_active":false,"_monsterinsights_sitenote_note":"","_monsterinsights_sitenote_category":0},"product_brand":[],"product_cat":[31],"product_tag":[],"class_list":{"0":"post-1842","1":"product","2":"type-product","3":"status-publish","4":"has-post-thumbnail","6":"product_cat-libros","7":"resize-featured-image","8":"sales-flash-overlay","9":"woocommerce-text-align-center","10":"woocommerce-image-align-center","11":"do-quantity-buttons","13":"first","14":"instock","15":"taxable","16":"shipping-taxable","17":"purchasable","18":"product-type-simple"},"uagb_featured_image_src":{"full":["https:\/\/www.editaonline.com.uy\/libros\/wp-content\/uploads\/2020\/12\/Tapa-Kaika-de-Robles-CURVAS.jpg",1484,2106,false],"thumbnail":["https:\/\/www.editaonline.com.uy\/libros\/wp-content\/uploads\/2020\/12\/Tapa-Kaika-de-Robles-CURVAS-150x150.jpg",150,150,true],"medium":["https:\/\/www.editaonline.com.uy\/libros\/wp-content\/uploads\/2020\/12\/Tapa-Kaika-de-Robles-CURVAS-211x300.jpg",211,300,true],"medium_large":["https:\/\/www.editaonline.com.uy\/libros\/wp-content\/uploads\/2020\/12\/Tapa-Kaika-de-Robles-CURVAS-768x1090.jpg",768,1090,true],"large":["https:\/\/www.editaonline.com.uy\/libros\/wp-content\/uploads\/2020\/12\/Tapa-Kaika-de-Robles-CURVAS-722x1024.jpg",722,1024,true],"1536x1536":["https:\/\/www.editaonline.com.uy\/libros\/wp-content\/uploads\/2020\/12\/Tapa-Kaika-de-Robles-CURVAS-1082x1536.jpg",1082,1536,true],"2048x2048":["https:\/\/www.editaonline.com.uy\/libros\/wp-content\/uploads\/2020\/12\/Tapa-Kaika-de-Robles-CURVAS-1443x2048.jpg",1443,2048,true],"woocommerce_thumbnail":["https:\/\/www.editaonline.com.uy\/libros\/wp-content\/uploads\/2020\/12\/Tapa-Kaika-de-Robles-CURVAS-180x240.jpg",180,240,true],"woocommerce_single":["https:\/\/www.editaonline.com.uy\/libros\/wp-content\/uploads\/2020\/12\/Tapa-Kaika-de-Robles-CURVAS-350x497.jpg",350,497,true],"woocommerce_gallery_thumbnail":["https:\/\/www.editaonline.com.uy\/libros\/wp-content\/uploads\/2020\/12\/Tapa-Kaika-de-Robles-CURVAS-100x100.jpg",100,100,true]},"uagb_author_info":{"display_name":"Fabian Xavier","author_link":"https:\/\/www.editaonline.com.uy\/libros\/author\/"},"uagb_comment_info":0,"uagb_excerpt":"\u00ab\u00a1Hola! Mi nombre es Martina y quiero contarte sobre mi experiencia al comenzar a leer esta novela. Lo primero que me pregunt\u00e9 fue: \u00bfqu\u00e9 me ofrece este libro?, \u00bfpor qu\u00e9 habr\u00eda de leerlo? Con las preguntas a\u00fan sin responder, decid\u00ed comenzar su lectura. Recuerdo una tarde, tras haber terminado las primeras p\u00e1ginas, en la que&hellip;","_links":{"self":[{"href":"https:\/\/www.editaonline.com.uy\/libros\/wp-json\/wp\/v2\/product\/1842","targetHints":{"allow":["GET"]}}],"collection":[{"href":"https:\/\/www.editaonline.com.uy\/libros\/wp-json\/wp\/v2\/product"}],"about":[{"href":"https:\/\/www.editaonline.com.uy\/libros\/wp-json\/wp\/v2\/types\/product"}],"replies":[{"embeddable":true,"href":"https:\/\/www.editaonline.com.uy\/libros\/wp-json\/wp\/v2\/comments?post=1842"}],"wp:featuredmedia":[{"embeddable":true,"href":"https:\/\/www.editaonline.com.uy\/libros\/wp-json\/wp\/v2\/media\/3257"}],"wp:attachment":[{"href":"https:\/\/www.editaonline.com.uy\/libros\/wp-json\/wp\/v2\/media?parent=1842"}],"wp:term":[{"taxonomy":"product_brand","embeddable":true,"href":"https:\/\/www.editaonline.com.uy\/libros\/wp-json\/wp\/v2\/product_brand?post=1842"},{"taxonomy":"product_cat","embeddable":true,"href":"https:\/\/www.editaonline.com.uy\/libros\/wp-json\/wp\/v2\/product_cat?post=1842"},{"taxonomy":"product_tag","embeddable":true,"href":"https:\/\/www.editaonline.com.uy\/libros\/wp-json\/wp\/v2\/product_tag?post=1842"}],"curies":[{"name":"wp","href":"https:\/\/api.w.org\/{rel}","templated":true}]}}