{"id":706,"date":"2020-05-06T20:55:17","date_gmt":"2020-05-06T23:55:17","guid":{"rendered":"https:\/\/www.editaonline.com.uy\/libros\/?page_id=706"},"modified":"2024-07-04T12:04:15","modified_gmt":"2024-07-04T15:04:15","slug":"nuestra-empresa","status":"publish","type":"page","link":"https:\/\/www.editaonline.com.uy\/libros\/nuestra-empresa\/","title":{"rendered":"Nuestra empresa"},"content":{"rendered":"\n<section class=\"wp-block-uagb-section uagb-section__wrap uagb-section__background-undefined uagb-block-2efce5ca\"><div class=\"uagb-section__overlay\"><\/div><div class=\"uagb-section__inner-wrap\">\n<p><\/p>\n\n\n\n<h2 class=\"wp-block-heading has-text-align-center has-text-color\" style=\"color:#009c82\"><strong>Nuestra empresa<\/strong><\/h2>\n\n\n\n<p class=\"has-text-align-center\">Nuestra empresa cuenta con casi 30 a\u00f1os en el mercado gr\u00e1fico, donde ofrece los servicios de dise\u00f1o, preimpresi\u00f3n y editorial. Nuestros inicios en el rubro datan de 1993, principalmente en dise\u00f1o gr\u00e1fico y dise\u00f1o editorial. Hoy nos encontramos adaptando nuestros productos y servicios a los cambios tecnol\u00f3gicos que se masificaron en el mercado gr\u00e1fico, lo que ha implicado el desarrollo de una nueva especializaci\u00f3n, tanto en servicios como en la oferta digital y la editorial online.<\/p>\n\n\n\n<p class=\"has-text-align-center\"><strong><span style=\"color:#006b56\" class=\"has-inline-color\">edit\u00e1online <\/span><\/strong>logra solucionar los obst\u00e1culos que suelen encontrar los autores dentro del proceso editorial. Su gran diferencial es la &nbsp;confiabilidad, primero por ser una plataforma con base en Uruguay, que ofrece las debidas garant\u00edas legales de derecho de autor, y segundo porque ofrece un equipo profesional multidisciplinario que elimina los riesgos y dudas habituales durante el proceso de publicaci\u00f3n de su obra.<\/p>\n\n\n\n<h2 class=\"wp-block-heading has-text-align-center has-text-color\" style=\"color:#009c82\"><strong>Nuestro equipo<\/strong><\/h2>\n\n\n\n<div class=\"wp-block-uagb-team uagb-team__image-position-left uagb-team__align-center uagb-team__stack-tablet uagb-block-ec1cfb32\"><div class=\"uagb-team__content\"><h3 class=\"uagb-team__title\">Ma. Andrea Fern\u00e1ndez<\/h3><span class=\"uagb-team__prefix\">Coordinadora editorial<\/span><p class=\"uagb-team__desc\">Consultora en gesti\u00f3n estrat\u00e9gica, comunicaci\u00f3n y marketing.<\/p><\/div><\/div>\n\n\n\n<hr class=\"wp-block-separator has-css-opacity\"\/>\n\n\n\n<div class=\"wp-block-uagb-team uagb-team__image-position-left uagb-team__align-center uagb-team__stack-tablet uagb-block-22cb1b27\"><div class=\"uagb-team__content\"><h3 class=\"uagb-team__title\">Emilio Pena<\/h3><span class=\"uagb-team__prefix\">Dise\u00f1ador<\/span><p class=\"uagb-team__desc\">Dise\u00f1ador y t\u00e9cnico gr\u00e1fico con m\u00e1s de 20 a\u00f1os de experiencia en el mercado gr\u00e1fico, pre &#8211; impresi\u00f3n y editorial.<\/p><\/div><\/div>\n\n\n\n<hr class=\"wp-block-separator has-css-opacity is-style-default\"\/>\n\n\n\n<div class=\"wp-block-uagb-team uagb-team__image-position-left uagb-team__align-center uagb-team__stack-tablet uagb-block-f22b720b\"><div class=\"uagb-team__content\"><h3 class=\"uagb-team__title\">Leonardo \u00c1lvarez de Ron<\/h3><span class=\"uagb-team__prefix\">Dise\u00f1ador<\/span><p class=\"uagb-team__desc\">Dise\u00f1ador y t\u00e9cnico gr\u00e1fico con m\u00e1s de 20 a\u00f1os de experiencia en el mercado gr\u00e1fico, pre &#8211; impresi\u00f3n y editorial.<\/p><\/div><\/div>\n\n\n\n<hr class=\"wp-block-separator has-css-opacity is-style-default\"\/>\n\n\n\n<div class=\"wp-block-uagb-team uagb-team__image-position-left uagb-team__align-center uagb-team__stack-tablet uagb-block-7b1ed71c\"><div class=\"uagb-team__content\"><h3 class=\"uagb-team__title\">Gustavo Pena<\/h3><span class=\"uagb-team__prefix\">T\u00e9cnico<\/span><p class=\"uagb-team__desc\">T\u00e9cnico gr\u00e1fico digital con experiencia en talleres e imprentas del mercado desde 2014.<\/p><\/div><\/div>\n\n\n\n<hr class=\"wp-block-separator has-css-opacity is-style-default\"\/>\n\n\n\n<div class=\"wp-block-uagb-team uagb-team__image-position-left uagb-team__align-center uagb-team__stack-tablet uagb-block-70ef2bb1\"><div class=\"uagb-team__content\"><h3 class=\"uagb-team__title\">Roberto Meny<\/h3><span class=\"uagb-team__prefix\">Editor<\/span><p class=\"uagb-team__desc\">Editor, corrector de estilo y dise\u00f1ador editorial. Egresado de la Tecnicatura Universitaria en Correcci\u00f3n de Estilo (UDELAR, generaci\u00f3n 2008) y del Diploma en Edici\u00f3n (Universidad CLAEH, generaci\u00f3n 2016). Miembro fundador de la Asociaci\u00f3n Uruguaya de Correctores de Estilo.<\/p><\/div><\/div>\n\n\n\n<hr class=\"wp-block-separator has-css-opacity is-style-default\"\/>\n\n\n\n<div class=\"wp-block-uagb-team uagb-team__image-position-left uagb-team__align-center uagb-team__stack-tablet uagb-block-e4f5b05a\"><div class=\"uagb-team__content\"><h3 class=\"uagb-team__title\">Sebasti\u00e1n Santana<\/h3><span class=\"uagb-team__prefix\">Ilustrador<\/span><p class=\"uagb-team__desc\">Artista visual, ilustrador y dise\u00f1ador gr\u00e1fico. Expuso su obra de forma individual y colectiva en Uruguay, Argentina, Colombia, Chile, M\u00e9xico, Ecuador, Croacia, Espa\u00f1a y Francia; su trabajo para libros ilustrados ha sido publicado en Uruguay, Argentina, Chile y M\u00e9xico.<\/p><\/div><\/div>\n\n\n\n<hr class=\"wp-block-separator has-css-opacity is-style-default\"\/>\n<\/div><\/section>\n","protected":false},"excerpt":{"rendered":"","protected":false},"author":3,"featured_media":0,"parent":0,"menu_order":0,"comment_status":"closed","ping_status":"closed","template":"","meta":{"_coblocks_attr":"","_coblocks_dimensions":"{\"coblocks-hero-414225045515\":{\"padding\":{}}}","_coblocks_responsive_height":"","_coblocks_accordion_ie_support":"","_uag_custom_page_level_css":"","_monsterinsights_skip_tracking":false,"_monsterinsights_sitenote_active":false,"_monsterinsights_sitenote_note":"","_monsterinsights_sitenote_category":0,"footnotes":""},"class_list":["post-706","page","type-page","status-publish"],"uagb_featured_image_src":{"full":false,"thumbnail":false,"medium":false,"medium_large":false,"large":false,"1536x1536":false,"2048x2048":false,"woocommerce_thumbnail":false,"woocommerce_single":false,"woocommerce_gallery_thumbnail":false},"uagb_author_info":{"display_name":"Fabian Xavier","author_link":"https:\/\/www.editaonline.com.uy\/libros\/author\/fabian-xaviergmail-com\/"},"uagb_comment_info":0,"uagb_excerpt":null,"_links":{"self":[{"href":"https:\/\/www.editaonline.com.uy\/libros\/wp-json\/wp\/v2\/pages\/706","targetHints":{"allow":["GET"]}}],"collection":[{"href":"https:\/\/www.editaonline.com.uy\/libros\/wp-json\/wp\/v2\/pages"}],"about":[{"href":"https:\/\/www.editaonline.com.uy\/libros\/wp-json\/wp\/v2\/types\/page"}],"author":[{"embeddable":true,"href":"https:\/\/www.editaonline.com.uy\/libros\/wp-json\/wp\/v2\/users\/3"}],"replies":[{"embeddable":true,"href":"https:\/\/www.editaonline.com.uy\/libros\/wp-json\/wp\/v2\/comments?post=706"}],"version-history":[{"count":50,"href":"https:\/\/www.editaonline.com.uy\/libros\/wp-json\/wp\/v2\/pages\/706\/revisions"}],"predecessor-version":[{"id":3114,"href":"https:\/\/www.editaonline.com.uy\/libros\/wp-json\/wp\/v2\/pages\/706\/revisions\/3114"}],"wp:attachment":[{"href":"https:\/\/www.editaonline.com.uy\/libros\/wp-json\/wp\/v2\/media?parent=706"}],"curies":[{"name":"wp","href":"https:\/\/api.w.org\/{rel}","templated":true}]}}