{"id":2606,"date":"2022-09-21T16:43:15","date_gmt":"2022-09-21T19:43:15","guid":{"rendered":"https:\/\/www.editaonline.com.uy\/libros\/?page_id=2606"},"modified":"2024-07-04T12:04:09","modified_gmt":"2024-07-04T15:04:09","slug":"ganadores-2022","status":"publish","type":"page","link":"https:\/\/www.editaonline.com.uy\/libros\/ganadores-2022\/","title":{"rendered":"Ganadores 2022"},"content":{"rendered":"\n<h2 class=\"has-text-align-center wp-block-heading\"><strong>\u00a1Con gran entusiasmo comunicamos el fallo del 3er. Concurso <mark style=\"background-color:rgba(0, 0, 0, 0);color:#006b56\" class=\"has-inline-color\">edit\u00e1online<\/mark>!<\/strong><\/h2>\n\n\n\n<h2 class=\"has-text-align-center wp-block-heading\"><strong>Ganador<br>Leandro Villar <\/strong>con la obra <strong>\u00bfQuieres ser libre?<\/strong>. <\/h2>\n\n\n\n<h3 class=\"has-text-align-center wp-block-heading\">Quien obtiene como premio la realizaci\u00f3n de su obra para publicar y vender con <strong><em><mark style=\"background-color:rgba(0, 0, 0, 0);color:#006b56\" class=\"has-inline-color\">edit\u00e1online<\/mark><\/em><\/strong><\/h3>\n\n\n\n<p class=\"has-text-align-center has-text-color\" style=\"font-size:23px;color:#009c82\"><mark style=\"background-color:rgba(0, 0, 0, 0);color:#006b56\" class=\"has-inline-color\">\u00a1FELICITACIONES! al ganador de parte del jurado y todo el equipo de <\/mark><em><mark style=\"background-color:rgba(0, 0, 0, 0);color:#006b56\" class=\"has-inline-color\">edit\u00e1online<\/mark><\/em><\/p>\n\n\n\n<div class=\"wp-block-columns is-layout-flex wp-container-core-columns-is-layout-9d6595d7 wp-block-columns-is-layout-flex\">\n<div class=\"wp-block-column is-layout-flow wp-block-column-is-layout-flow\" style=\"flex-basis:25%\"><\/div>\n\n\n\n<div class=\"wp-block-column is-layout-flow wp-block-column-is-layout-flow\" style=\"flex-basis:50%\">\n<p class=\"has-text-align-center\" style=\"font-size:19px\"><strong>Menciones especiales<\/strong><\/p>\n\n\n\n<p style=\"font-size:16px\">Menci\u00f3n en novela: Wilson Rodr\u00edguez Rodr\u00edguez, Por un ojo de agua.<\/p>\n\n\n\n<p>Menci\u00f3n en poes\u00eda: Gonzalo Fonseca Colombano, DeTal.<\/p>\n\n\n\n<p>Menci\u00f3n en novela infantil: Elisa Leonor Riccardi Patr\u00f3n, Los secretos de Guaviy\u00fa.<\/p>\n<\/div>\n\n\n\n<div class=\"wp-block-column is-layout-flow wp-block-column-is-layout-flow\" style=\"flex-basis:25%\"><\/div>\n<\/div>\n\n\n\n<p class=\"has-text-align-center\" style=\"font-size:17px\"><strong>Estas menciones, adem\u00e1s del reconocimiento de  <em><strong><span style=\"color:#006b56\" class=\"has-inline-color\">edit\u00e1online<\/span><\/strong> <\/em>y el jurado,<\/strong><br><strong>recibir\u00e1n una atenci\u00f3n especial de la editorial para facilitarles la publicaci\u00f3n de su obra.<\/strong><\/p>\n\n\n\n<p><\/p>\n\n\n\n<div class=\"wp-block-columns is-layout-flex wp-container-core-columns-is-layout-9d6595d7 wp-block-columns-is-layout-flex\">\n<div class=\"wp-block-column is-layout-flow wp-block-column-is-layout-flow\"><\/div>\n\n\n\n<div class=\"wp-block-column is-layout-flow wp-block-column-is-layout-flow\">\n<p class=\"has-text-align-center\">Agradecemos a cada uno de los participantes que nos confiaron su obra para evaluarlas en nuestro concurso.<br><strong>\u00a1Hasta el pr\u00f3ximo!<\/strong><\/p>\n<\/div>\n\n\n\n<div class=\"wp-block-column is-layout-flow wp-block-column-is-layout-flow\"><\/div>\n<\/div>\n\n\n\n<p><\/p>\n","protected":false},"excerpt":{"rendered":"<p>\u00a1Con gran entusiasmo comunicamos el fallo del 3er. Concurso edit\u00e1online! GanadorLeandro Villar con la obra \u00bfQuieres ser libre?. Quien obtiene como premio la realizaci\u00f3n de su obra para publicar y vender con edit\u00e1online \u00a1FELICITACIONES! al ganador de parte del jurado y todo el equipo de edit\u00e1online Menciones especiales Menci\u00f3n en novela: Wilson Rodr\u00edguez Rodr\u00edguez, Por un ojo de agua. Menci\u00f3n en poes\u00eda: Gonzalo Fonseca Colombano, DeTal. Menci\u00f3n en novela infantil: Elisa Leonor Riccardi Patr\u00f3n, Los secretos de Guaviy\u00fa. Estas menciones, adem\u00e1s del reconocimiento de edit\u00e1online y el jurado,recibir\u00e1n una atenci\u00f3n especial de la editorial para facilitarles la publicaci\u00f3n de su &#8230; <a title=\"Ganadores 2022\" class=\"read-more\" href=\"https:\/\/www.editaonline.com.uy\/libros\/ganadores-2022\/\" aria-label=\"Leer m\u00e1s sobre Ganadores 2022\">Leer m\u00e1s<\/a><\/p>\n","protected":false},"author":4,"featured_media":0,"parent":0,"menu_order":0,"comment_status":"closed","ping_status":"closed","template":"","meta":{"_coblocks_attr":"Helvetica,","_coblocks_dimensions":"","_coblocks_responsive_height":"","_coblocks_accordion_ie_support":"","_uag_custom_page_level_css":"","_monsterinsights_skip_tracking":false,"_monsterinsights_sitenote_active":false,"_monsterinsights_sitenote_note":"","_monsterinsights_sitenote_category":0,"footnotes":""},"class_list":["post-2606","page","type-page","status-publish"],"uagb_featured_image_src":{"full":false,"thumbnail":false,"medium":false,"medium_large":false,"large":false,"1536x1536":false,"2048x2048":false,"woocommerce_thumbnail":false,"woocommerce_single":false,"woocommerce_gallery_thumbnail":false},"uagb_author_info":{"display_name":"Alejandro Pena","author_link":"https:\/\/www.editaonline.com.uy\/libros\/author\/apena\/"},"uagb_comment_info":0,"uagb_excerpt":"\u00a1Con gran entusiasmo comunicamos el fallo del 3er. Concurso edit\u00e1online! GanadorLeandro Villar con la obra \u00bfQuieres ser libre?. Quien obtiene como premio la realizaci\u00f3n de su obra para publicar y vender con edit\u00e1online \u00a1FELICITACIONES! al ganador de parte del jurado y todo el equipo de edit\u00e1online Menciones especiales Menci\u00f3n en novela: Wilson Rodr\u00edguez Rodr\u00edguez, Por&hellip;","_links":{"self":[{"href":"https:\/\/www.editaonline.com.uy\/libros\/wp-json\/wp\/v2\/pages\/2606","targetHints":{"allow":["GET"]}}],"collection":[{"href":"https:\/\/www.editaonline.com.uy\/libros\/wp-json\/wp\/v2\/pages"}],"about":[{"href":"https:\/\/www.editaonline.com.uy\/libros\/wp-json\/wp\/v2\/types\/page"}],"author":[{"embeddable":true,"href":"https:\/\/www.editaonline.com.uy\/libros\/wp-json\/wp\/v2\/users\/4"}],"replies":[{"embeddable":true,"href":"https:\/\/www.editaonline.com.uy\/libros\/wp-json\/wp\/v2\/comments?post=2606"}],"version-history":[{"count":2,"href":"https:\/\/www.editaonline.com.uy\/libros\/wp-json\/wp\/v2\/pages\/2606\/revisions"}],"predecessor-version":[{"id":2616,"href":"https:\/\/www.editaonline.com.uy\/libros\/wp-json\/wp\/v2\/pages\/2606\/revisions\/2616"}],"wp:attachment":[{"href":"https:\/\/www.editaonline.com.uy\/libros\/wp-json\/wp\/v2\/media?parent=2606"}],"curies":[{"name":"wp","href":"https:\/\/api.w.org\/{rel}","templated":true}]}}