{"id":1500,"date":"2020-09-30T20:38:51","date_gmt":"2020-09-30T23:38:51","guid":{"rendered":"https:\/\/www.editaonline.com.uy\/libros\/?page_id=1500"},"modified":"2024-07-04T12:04:14","modified_gmt":"2024-07-04T15:04:14","slug":"como-funciona","status":"publish","type":"page","link":"https:\/\/www.editaonline.com.uy\/libros\/como-funciona\/","title":{"rendered":"Como funciona?"},"content":{"rendered":"\n<section class=\"wp-block-uagb-section uagb-section__wrap uagb-section__background-undefined uagb-block-681d3458\"><div class=\"uagb-section__overlay\"><\/div><div class=\"uagb-section__inner-wrap\">\n<h2 class=\"has-text-align-center has-text-color wp-block-heading\" style=\"color:#009c82\"><strong><span style=\"color:#006b56\" class=\"has-inline-color\">\u00bfC\u00f3mo funciona?<\/span><\/strong><\/h2>\n\n\n\n<ul class=\"wp-block-list\"><li>Completa nuestro formulario.<\/li><\/ul>\n\n\n\n<ul class=\"wp-block-list\"><li>Te enviamos nuestra propuesta editorial con tiempos y costos por la realizaci\u00f3n del dise\u00f1o interior, ilustraci\u00f3n de tapa, correcci\u00f3n de estilo e inscripci\u00f3n de la obra.<\/li><\/ul>\n\n\n\n<ul class=\"wp-block-list\"><li>Cuando nos das tu aprobaci\u00f3n de la propuesta, te enviamos nuestro contrato editorial.<\/li><\/ul>\n\n\n\n<ul class=\"wp-block-list\"><li>Una vez firmado el contrato editorial, comenzamos a trabajar en tu obra y creamos tu perfil en nuestra web.<\/li><\/ul>\n\n\n\n<ul class=\"wp-block-list\"><li>Una vez aprobado el libro se publica para la venta en nuestra plataforma online, el lector hace su compra, se imprime el libro y se le env\u00eda a su hogar.<\/li><\/ul>\n\n\n\n<ul class=\"wp-block-list\"><li>Subimos la informaci\u00f3n de tus ventas a tu cuenta de usuario y se te liquidan tus regal\u00edas mensualmente.<\/li><\/ul>\n\n\n\n<hr class=\"wp-block-separator has-css-opacity\"\/>\n\n\n\n<div class=\"wp-block-contact-form-7-contact-form-selector\">\n<div class=\"wpcf7 no-js\" id=\"wpcf7-f504-o1\" lang=\"es-AR\" dir=\"ltr\" data-wpcf7-id=\"504\">\n<div class=\"screen-reader-response\"><p role=\"status\" aria-live=\"polite\" aria-atomic=\"true\"><\/p> <ul><\/ul><\/div>\n<form action=\"\/libros\/wp-json\/wp\/v2\/pages\/1500#wpcf7-f504-o1\" method=\"post\" class=\"wpcf7-form init\" aria-label=\"Formulario de contacto\" novalidate=\"novalidate\" data-status=\"init\">\n<fieldset class=\"hidden-fields-container\"><input type=\"hidden\" name=\"_wpcf7\" value=\"504\" \/><input type=\"hidden\" name=\"_wpcf7_version\" value=\"6.1.4\" \/><input type=\"hidden\" name=\"_wpcf7_locale\" value=\"es_AR\" \/><input type=\"hidden\" name=\"_wpcf7_unit_tag\" value=\"wpcf7-f504-o1\" \/><input type=\"hidden\" name=\"_wpcf7_container_post\" value=\"0\" \/><input type=\"hidden\" name=\"_wpcf7_posted_data_hash\" value=\"\" \/><input type=\"hidden\" name=\"_wpcf7cf_hidden_group_fields\" value=\"[]\" \/><input type=\"hidden\" name=\"_wpcf7cf_hidden_groups\" value=\"[]\" \/><input type=\"hidden\" name=\"_wpcf7cf_visible_groups\" value=\"[]\" \/><input type=\"hidden\" name=\"_wpcf7cf_repeaters\" value=\"[]\" \/><input type=\"hidden\" name=\"_wpcf7cf_steps\" value=\"{}\" \/><input type=\"hidden\" name=\"_wpcf7cf_options\" value=\"{&quot;form_id&quot;:504,&quot;conditions&quot;:[],&quot;settings&quot;:{&quot;animation&quot;:&quot;yes&quot;,&quot;animation_intime&quot;:200,&quot;animation_outtime&quot;:200,&quot;conditions_ui&quot;:&quot;normal&quot;,&quot;notice_dismissed&quot;:false,&quot;notice_dismissed_rollback-cf7-5.4.2&quot;:true,&quot;notice_dismissed_rollback-cf7-5.8.4&quot;:true}}\" \/><input type=\"hidden\" name=\"_wpcf7_recaptcha_response\" value=\"\" \/>\n<\/fieldset>\n<p><label class=\"Label-Form\"> Nombre y apellido: <\/label><br \/>\n<span class=\"wpcf7-form-control-wrap\" data-name=\"your-name\"><input size=\"100\" maxlength=\"400\" class=\"wpcf7-form-control wpcf7-text wpcf7-validates-as-required\" aria-required=\"true\" aria-invalid=\"false\" value=\"\" type=\"text\" name=\"your-name\" \/><\/span><span class=\"Span-Form\">*<\/span>\n<\/p>\n<p><label class=\"Label-Form\"> Correo electr\u00f3nico: <\/label><br \/>\n<span class=\"wpcf7-form-control-wrap\" data-name=\"your-email\"><input size=\"100\" maxlength=\"400\" class=\"wpcf7-form-control wpcf7-email wpcf7-validates-as-required wpcf7-text wpcf7-validates-as-email\" aria-required=\"true\" aria-invalid=\"false\" value=\"\" type=\"email\" name=\"your-email\" \/><\/span><span class=\"Span-Form\">*<\/span>\n<\/p>\n<p><label class=\"Label-Form\"> Asunto: <\/label><br \/>\n<span class=\"wpcf7-form-control-wrap\" data-name=\"your-subject\"><input size=\"100\" maxlength=\"400\" class=\"wpcf7-form-control wpcf7-text\" aria-invalid=\"false\" value=\"\" type=\"text\" name=\"your-subject\" \/><\/span>\n<\/p>\n<p><label class=\"Label-Form\"> Mensaje: <\/label><span class=\"Span-Form\">*<\/span><br \/>\n<span class=\"wpcf7-form-control-wrap\" data-name=\"your-message\"><textarea cols=\"40\" rows=\"10\" maxlength=\"2000\" class=\"wpcf7-form-control wpcf7-textarea wpcf7-validates-as-required\" aria-required=\"true\" aria-invalid=\"false\" name=\"your-message\"><\/textarea><\/span>\n<\/p>\n<p>Te damos la tranquilidad que los datos suministrados ser\u00e1n tratados bajo la normativa de la Ley 18.331 de Protecci\u00f3n de Datos Personales.\n<\/p>\n<p><input class=\"wpcf7-form-control wpcf7-submit has-spinner\" type=\"submit\" value=\"Enviar\" \/>\n<\/p><div class=\"wpcf7-response-output\" aria-hidden=\"true\"><\/div>\n<\/form>\n<\/div>\n<\/div>\n<\/div><\/section>\n\n\n\n<p><\/p>\n","protected":false},"excerpt":{"rendered":"","protected":false},"author":3,"featured_media":0,"parent":0,"menu_order":0,"comment_status":"closed","ping_status":"closed","template":"","meta":{"_coblocks_attr":"","_coblocks_dimensions":"","_coblocks_responsive_height":"","_coblocks_accordion_ie_support":"","_uag_custom_page_level_css":"","_monsterinsights_skip_tracking":false,"_monsterinsights_sitenote_active":false,"_monsterinsights_sitenote_note":"","_monsterinsights_sitenote_category":0,"footnotes":""},"class_list":["post-1500","page","type-page","status-publish"],"uagb_featured_image_src":{"full":false,"thumbnail":false,"medium":false,"medium_large":false,"large":false,"1536x1536":false,"2048x2048":false,"woocommerce_thumbnail":false,"woocommerce_single":false,"woocommerce_gallery_thumbnail":false},"uagb_author_info":{"display_name":"Fabian Xavier","author_link":"https:\/\/www.editaonline.com.uy\/libros\/author\/fabian-xaviergmail-com\/"},"uagb_comment_info":0,"uagb_excerpt":null,"_links":{"self":[{"href":"https:\/\/www.editaonline.com.uy\/libros\/wp-json\/wp\/v2\/pages\/1500","targetHints":{"allow":["GET"]}}],"collection":[{"href":"https:\/\/www.editaonline.com.uy\/libros\/wp-json\/wp\/v2\/pages"}],"about":[{"href":"https:\/\/www.editaonline.com.uy\/libros\/wp-json\/wp\/v2\/types\/page"}],"author":[{"embeddable":true,"href":"https:\/\/www.editaonline.com.uy\/libros\/wp-json\/wp\/v2\/users\/3"}],"replies":[{"embeddable":true,"href":"https:\/\/www.editaonline.com.uy\/libros\/wp-json\/wp\/v2\/comments?post=1500"}],"version-history":[{"count":10,"href":"https:\/\/www.editaonline.com.uy\/libros\/wp-json\/wp\/v2\/pages\/1500\/revisions"}],"predecessor-version":[{"id":2344,"href":"https:\/\/www.editaonline.com.uy\/libros\/wp-json\/wp\/v2\/pages\/1500\/revisions\/2344"}],"wp:attachment":[{"href":"https:\/\/www.editaonline.com.uy\/libros\/wp-json\/wp\/v2\/media?parent=1500"}],"curies":[{"name":"wp","href":"https:\/\/api.w.org\/{rel}","templated":true}]}}