{"id":1370,"date":"2020-07-27T13:32:23","date_gmt":"2020-07-27T16:32:23","guid":{"rendered":"https:\/\/www.editaonline.com.uy\/libros\/?page_id=1370"},"modified":"2024-07-04T12:04:14","modified_gmt":"2024-07-04T15:04:14","slug":"ganadores","status":"publish","type":"page","link":"https:\/\/www.editaonline.com.uy\/libros\/ganadores\/","title":{"rendered":"Ganadores"},"content":{"rendered":"\n<h2 class=\"has-text-align-center wp-block-heading\">Con gran placer, les comunicamos que las flamantes ganadoras del concurso <strong><span style=\"color:#006b56\" class=\"has-inline-color\">edit\u00e1online 2020<\/span><\/strong> son:<\/h2>\n\n\n\n<div class=\"wp-block-columns is-layout-flex wp-container-core-columns-is-layout-9d6595d7 wp-block-columns-is-layout-flex\">\n<div class=\"wp-block-column is-layout-flow wp-block-column-is-layout-flow\" style=\"flex-basis:25%\"><\/div>\n\n\n\n<div class=\"wp-block-column is-layout-flow wp-block-column-is-layout-flow\" style=\"flex-basis:50%\">\n<p class=\"has-text-color has-medium-font-size\" style=\"color:#009c82\"><span style=\"color:#006b56\" class=\"has-inline-color\"><strong>1. Gloria Algorta<\/strong>. <em>La ropa que el viento sacud\u00eda.<\/em><br><strong>2. Raquel Mart\u00ednez Silva. <\/strong><em>En el damero amurallado de San Felipe y Santiago<\/em>.<br><strong>3. Se declara desierto. *<\/strong><\/span><\/p>\n<\/div>\n\n\n\n<div class=\"wp-block-column is-layout-flow wp-block-column-is-layout-flow\" style=\"flex-basis:25%\"><\/div>\n<\/div>\n\n\n\n<p class=\"has-text-align-center has-text-color\" style=\"font-size:23px;color:#009c82\"><span style=\"color:#006b56\" class=\"has-inline-color\">\u00a1FELICITACIONES!, y gracias a todas y todos quienes apostaron, se acercaron y participaron en esta edici\u00f3n del concurso edit\u00e1online.<\/span><\/p>\n\n\n\n<p class=\"has-text-align-center has-medium-font-size\">Agradecemos muy especialmente al jurado que trabaj\u00f3 arduamente en la evaluaci\u00f3n de cada una de las obras:<\/p>\n\n\n\n<p class=\"has-text-align-center has-medium-font-size\">Pilar Chargo\u00f1ia, Maqui Dutto y Roberto Meny.<\/p>\n\n\n\n<p class=\"has-text-align-center has-medium-font-size\">Y a nuestros sponsors:  <\/p>\n\n\n\n<div class=\"wp-block-columns is-layout-flex wp-container-core-columns-is-layout-9d6595d7 wp-block-columns-is-layout-flex\">\n<div class=\"wp-block-column is-layout-flow wp-block-column-is-layout-flow\"><\/div>\n\n\n\n<div class=\"wp-block-column is-layout-flow wp-block-column-is-layout-flow\"><\/div>\n\n\n\n<div class=\"wp-block-column is-layout-flow wp-block-column-is-layout-flow\">\n<div class=\"wp-block-image\"><figure class=\"alignright size-large is-resized\"><img loading=\"lazy\" decoding=\"async\" src=\"https:\/\/www.editaonline.com.uy\/libros\/wp-content\/uploads\/2020\/07\/1200px-Logo_Konica_Minolta.svg-1024x594.png\" alt=\"\" class=\"wp-image-1382\" width=\"99\" height=\"57\" srcset=\"https:\/\/www.editaonline.com.uy\/libros\/wp-content\/uploads\/2020\/07\/1200px-Logo_Konica_Minolta.svg-1024x594.png 1024w, https:\/\/www.editaonline.com.uy\/libros\/wp-content\/uploads\/2020\/07\/1200px-Logo_Konica_Minolta.svg-350x203.png 350w, https:\/\/www.editaonline.com.uy\/libros\/wp-content\/uploads\/2020\/07\/1200px-Logo_Konica_Minolta.svg-300x174.png 300w, https:\/\/www.editaonline.com.uy\/libros\/wp-content\/uploads\/2020\/07\/1200px-Logo_Konica_Minolta.svg-768x445.png 768w, https:\/\/www.editaonline.com.uy\/libros\/wp-content\/uploads\/2020\/07\/1200px-Logo_Konica_Minolta.svg.png 1200w\" sizes=\"auto, (max-width: 99px) 100vw, 99px\" \/><\/figure><\/div>\n<\/div>\n\n\n\n<div class=\"wp-block-column is-layout-flow wp-block-column-is-layout-flow\">\n<div class=\"wp-block-image\"><figure class=\"alignleft size-large is-resized\"><img loading=\"lazy\" decoding=\"async\" src=\"https:\/\/www.editaonline.com.uy\/libros\/wp-content\/uploads\/2020\/07\/Mondi_Logo.svg-1024x454.png\" alt=\"\" class=\"wp-image-1381\" width=\"100\" height=\"54\"\/><\/figure><\/div>\n<\/div>\n\n\n\n<div class=\"wp-block-column is-layout-flow wp-block-column-is-layout-flow\"><\/div>\n\n\n\n<div class=\"wp-block-column is-layout-flow wp-block-column-is-layout-flow\"><\/div>\n<\/div>\n\n\n\n<p class=\"has-text-align-center\" style=\"font-size:17px\"><strong>Pr\u00f3ximamente, en el mes de octubre estas obras y otras estar\u00e1n disponibles en nuestro sitio web:<span style=\"color:#009c82\" class=\"has-inline-color\"><a href=\"http:\/\/www.editaonline.com.uy\"> <\/a><\/span><a href=\"http:\/\/www.editaonline.com.uy\"><span style=\"color:#006b56\" class=\"has-inline-color\">editaonline.com.uy<\/span><\/a><\/strong><\/p>\n\n\n\n<p><\/p>\n\n\n\n<div class=\"wp-block-columns is-layout-flex wp-container-core-columns-is-layout-9d6595d7 wp-block-columns-is-layout-flex\">\n<div class=\"wp-block-column is-layout-flow wp-block-column-is-layout-flow\"><\/div>\n\n\n\n<div class=\"wp-block-column is-layout-flow wp-block-column-is-layout-flow\">\n<p>* El tercer lugar del concurso se declar\u00f3 desierto al no llegar a un acuerdo comercial con el autor. Agradecemos al autor Carlos Ferreira su participaci\u00f3n en el concurso, entendiendo los motivos que nos expuso sobre su deseo de bajarse de la premiaci\u00f3n.<\/p>\n<\/div>\n\n\n\n<div class=\"wp-block-column is-layout-flow wp-block-column-is-layout-flow\"><\/div>\n<\/div>\n\n\n\n<p><\/p>\n","protected":false},"excerpt":{"rendered":"<p>Con gran placer, les comunicamos que las flamantes ganadoras del concurso edit\u00e1online 2020 son: 1. Gloria Algorta. La ropa que el viento sacud\u00eda.2. Raquel Mart\u00ednez Silva. En el damero amurallado de San Felipe y Santiago.3. Se declara desierto. * \u00a1FELICITACIONES!, y gracias a todas y todos quienes apostaron, se acercaron y participaron en esta edici\u00f3n del concurso edit\u00e1online. Agradecemos muy especialmente al jurado que trabaj\u00f3 arduamente en la evaluaci\u00f3n de cada una de las obras: Pilar Chargo\u00f1ia, Maqui Dutto y Roberto Meny. Y a nuestros sponsors: Pr\u00f3ximamente, en el mes de octubre estas obras y otras estar\u00e1n disponibles en nuestro &#8230; <a title=\"Ganadores\" class=\"read-more\" href=\"https:\/\/www.editaonline.com.uy\/libros\/ganadores\/\" aria-label=\"Leer m\u00e1s sobre Ganadores\">Leer m\u00e1s<\/a><\/p>\n","protected":false},"author":3,"featured_media":0,"parent":0,"menu_order":0,"comment_status":"closed","ping_status":"closed","template":"","meta":{"_coblocks_attr":"Helvetica,","_coblocks_dimensions":"","_coblocks_responsive_height":"","_coblocks_accordion_ie_support":"","_uag_custom_page_level_css":"","_monsterinsights_skip_tracking":false,"_monsterinsights_sitenote_active":false,"_monsterinsights_sitenote_note":"","_monsterinsights_sitenote_category":0,"footnotes":""},"class_list":["post-1370","page","type-page","status-publish"],"uagb_featured_image_src":{"full":false,"thumbnail":false,"medium":false,"medium_large":false,"large":false,"1536x1536":false,"2048x2048":false,"woocommerce_thumbnail":false,"woocommerce_single":false,"woocommerce_gallery_thumbnail":false},"uagb_author_info":{"display_name":"Fabian Xavier","author_link":"https:\/\/www.editaonline.com.uy\/libros\/author\/fabian-xaviergmail-com\/"},"uagb_comment_info":0,"uagb_excerpt":"Con gran placer, les comunicamos que las flamantes ganadoras del concurso edit\u00e1online 2020 son: 1. Gloria Algorta. La ropa que el viento sacud\u00eda.2. Raquel Mart\u00ednez Silva. En el damero amurallado de San Felipe y Santiago.3. Se declara desierto. * \u00a1FELICITACIONES!, y gracias a todas y todos quienes apostaron, se acercaron y participaron en esta edici\u00f3n&hellip;","_links":{"self":[{"href":"https:\/\/www.editaonline.com.uy\/libros\/wp-json\/wp\/v2\/pages\/1370","targetHints":{"allow":["GET"]}}],"collection":[{"href":"https:\/\/www.editaonline.com.uy\/libros\/wp-json\/wp\/v2\/pages"}],"about":[{"href":"https:\/\/www.editaonline.com.uy\/libros\/wp-json\/wp\/v2\/types\/page"}],"author":[{"embeddable":true,"href":"https:\/\/www.editaonline.com.uy\/libros\/wp-json\/wp\/v2\/users\/3"}],"replies":[{"embeddable":true,"href":"https:\/\/www.editaonline.com.uy\/libros\/wp-json\/wp\/v2\/comments?post=1370"}],"version-history":[{"count":21,"href":"https:\/\/www.editaonline.com.uy\/libros\/wp-json\/wp\/v2\/pages\/1370\/revisions"}],"predecessor-version":[{"id":1910,"href":"https:\/\/www.editaonline.com.uy\/libros\/wp-json\/wp\/v2\/pages\/1370\/revisions\/1910"}],"wp:attachment":[{"href":"https:\/\/www.editaonline.com.uy\/libros\/wp-json\/wp\/v2\/media?parent=1370"}],"curies":[{"name":"wp","href":"https:\/\/api.w.org\/{rel}","templated":true}]}}